{"id":29587,"date":"2022-08-15T23:54:54","date_gmt":"2022-08-15T21:54:54","guid":{"rendered":"https:\/\/www.festiterroir.ch\/?page_id=29587"},"modified":"2025-06-13T18:45:48","modified_gmt":"2025-06-13T16:45:48","slug":"truck-a-trucs","status":"publish","type":"page","link":"https:\/\/www.davidprego.ch\/festi\/archives\/truck-a-trucs\/","title":{"rendered":"Truck \u00e0 Trucs"},"content":{"rendered":"\n<div class=\"wp-block-group\"><div class=\"wp-block-group__inner-container is-layout-constrained wp-block-group-is-layout-constrained\">\n<div class=\"wp-block-columns is-layout-flex wp-container-core-columns-is-layout-9d6595d7 wp-block-columns-is-layout-flex\">\n<div class=\"wp-block-column is-layout-flow wp-block-column-is-layout-flow\">\n<div class=\"wp-block-buttons is-content-justification-space-between is-layout-flex wp-container-core-buttons-is-layout-3d213aab wp-block-buttons-is-layout-flex\">\n<div class=\"wp-block-button has-custom-width wp-block-button__width-100 is-style-fill\"><a class=\"wp-block-button__link has-light-green-cyan-background-color has-background has-medium-font-size has-text-align-center has-custom-font-size wp-element-button\" href=\"..\/festiterroir-2024-bilan\/\" style=\"border-radius:0px\"><strong>2024<\/strong><\/a><\/div>\n<\/div>\n<\/div>\n\n\n\n<div class=\"wp-block-column is-layout-flow wp-block-column-is-layout-flow\">\n<div class=\"wp-block-buttons is-content-justification-space-between is-layout-flex wp-container-core-buttons-is-layout-3d213aab wp-block-buttons-is-layout-flex\">\n<div class=\"wp-block-button has-custom-width wp-block-button__width-100\"><a class=\"wp-block-button__link has-light-green-cyan-background-color has-background has-medium-font-size has-custom-font-size wp-element-button\" href=\"..\/festiterroir-2023-bilan\/\" style=\"border-radius:0px\"><strong>2023<\/strong><\/a><\/div>\n<\/div>\n<\/div>\n\n\n\n<div class=\"wp-block-column is-layout-flow wp-block-column-is-layout-flow\">\n<div class=\"wp-block-buttons is-content-justification-space-between is-layout-flex wp-container-core-buttons-is-layout-3d213aab wp-block-buttons-is-layout-flex\">\n<div class=\"wp-block-button has-custom-width wp-block-button__width-100\"><a class=\"wp-block-button__link has-light-green-cyan-background-color has-background has-medium-font-size has-custom-font-size wp-element-button\" href=\"..\/festiterroir-2022-bilan\/\" style=\"border-radius:0px\"><strong>2022<\/strong><\/a><\/div>\n<\/div>\n<\/div>\n<\/div>\n\n\n\n<div class=\"wp-block-columns is-layout-flex wp-container-core-columns-is-layout-9d6595d7 wp-block-columns-is-layout-flex\">\n<div class=\"wp-block-column is-layout-flow wp-block-column-is-layout-flow\">\n<div class=\"wp-block-buttons is-content-justification-space-between is-layout-flex wp-container-core-buttons-is-layout-3d213aab wp-block-buttons-is-layout-flex\">\n<div class=\"wp-block-button has-custom-width wp-block-button__width-100\"><a class=\"wp-block-button__link has-light-green-cyan-background-color has-background has-medium-font-size has-custom-font-size wp-element-button\" href=\"..\/festiterroir-2021\/\" style=\"border-radius:0px\"><strong>2021<\/strong><\/a><\/div>\n<\/div>\n<\/div>\n\n\n\n<div class=\"wp-block-column is-layout-flow wp-block-column-is-layout-flow\">\n<div class=\"wp-block-buttons is-content-justification-space-between is-layout-flex wp-container-core-buttons-is-layout-3d213aab wp-block-buttons-is-layout-flex\">\n<div class=\"wp-block-button has-custom-width wp-block-button__width-100\"><a class=\"wp-block-button__link has-light-green-cyan-background-color has-background has-medium-font-size has-custom-font-size wp-element-button\" href=\"..\/festiterroir-2020\/\" style=\"border-radius:0px\"><strong>2020<\/strong><\/a><\/div>\n<\/div>\n<\/div>\n\n\n\n<div class=\"wp-block-column is-layout-flow wp-block-column-is-layout-flow\">\n<div class=\"wp-block-buttons is-content-justification-space-between is-layout-flex wp-container-core-buttons-is-layout-3d213aab wp-block-buttons-is-layout-flex\">\n<div class=\"wp-block-button has-custom-width wp-block-button__width-100\"><a class=\"wp-block-button__link has-light-green-cyan-background-color has-background has-medium-font-size has-custom-font-size wp-element-button\" href=\"..\/festiterroir-2019\/\" style=\"border-radius:0px\"><strong>2019<\/strong><\/a><\/div>\n<\/div>\n<\/div>\n<\/div>\n<\/div><\/div>\n\n\n\n<p><strong style=\"color: #3366ff;\">Vous avez dit Truck \u00e0 Trucs \u00bf?<\/strong><\/p>\n\n\n\n<p>Le Truck \u00e0 Trucs est une maison sur roue qui a l\u2019ambition de partir sur les routes pour offrir des temps de jeu libre, partout et pour tous-x-tes. De place de jeux en pr\u00e9aux d\u2019\u00e9coles, de parcs et jardins en places de parking, il se d\u00e9place pour investir l\u2019espace public.<br>Install\u00e9 sur sa nouvelle terre d\u2019accueil, ce dispositif nomade d\u00e9ploie son univers \u00e0 jouer.<br>Des chambres \u00e0 air aux tiges de bois en passant par les tambours de machine \u00e0 laver, le mat\u00e9riel insolite et r\u00e9us\u00e9, convoque le corps et l\u2019imaginaire dans un \u00e9ventail d\u2019explorations nouvelles.<\/p>\n\n\n\n<p>Le Truck \u00e0 Trucs devient le th\u00e9\u00e2tre d\u2019un jeu libre r\u00e9invent\u00e9.<br>Avec le Truck \u00e0 Trucs on peut\u2026<\/p>\n\n\n\n<p>\u2013 Manipuler, empiler, combiner les objets<br>\u2013 Inventer une vie aux objets<br>\u2013 B\u00e2tir, construire, \u00e9difier<br>\u2013 Voyager, imaginer, r\u00eaver<br>\u2013 En un mot: jouer!<\/p>\n\n\n\n<p><em><br><\/em><strong style=\"color: #3366ff;\">Le truck \u00e0 trucs se posera au Parc des Bastions, \u00e0 droite du mur des R\u00e9formateurs<br>Samedi 21 \/ <strong>11h\u201314h et 16h\u201318h<\/strong><br><strong>Dimanche 20 \/ <\/strong>11h\u201314h et 15h\u201317h<br>Anim\u00e9 par <a href=\"https:\/\/maisondelacreativite.ch\/aventures\/espacescreatifs\/detail\/truck-a-trucs\/\" target=\"_blank\" rel=\"noopener noreferrer\">la Maison de la cr\u00e9ativit\u00e9<\/a><br><\/strong><\/p>\n\n\n<div class=\"wp-block-image\">\n<figure class=\"aligncenter\"><img loading=\"lazy\" decoding=\"async\" width=\"683\" height=\"1024\" src=\"https:\/\/www.festiterroir.ch\/wp-content\/uploads\/2023\/08\/01-683x1024.jpg\" alt=\"\" class=\"wp-image-29771\" srcset=\"https:\/\/www.davidprego.ch\/festi\/wp-content\/uploads\/2023\/08\/01-683x1024.jpg 683w, https:\/\/www.davidprego.ch\/festi\/wp-content\/uploads\/2023\/08\/01-200x300.jpg 200w, https:\/\/www.davidprego.ch\/festi\/wp-content\/uploads\/2023\/08\/01-768x1152.jpg 768w, https:\/\/www.davidprego.ch\/festi\/wp-content\/uploads\/2023\/08\/01.jpg 800w\" sizes=\"auto, (max-width: 683px) 100vw, 683px\" \/><\/figure><\/div>\n\n<div class=\"wp-block-image\">\n<figure class=\"aligncenter\"><img loading=\"lazy\" decoding=\"async\" width=\"683\" height=\"1024\" src=\"https:\/\/www.festiterroir.ch\/wp-content\/uploads\/2023\/08\/03-683x1024.jpg\" alt=\"\" class=\"wp-image-29773\" srcset=\"https:\/\/www.davidprego.ch\/festi\/wp-content\/uploads\/2023\/08\/03-683x1024.jpg 683w, https:\/\/www.davidprego.ch\/festi\/wp-content\/uploads\/2023\/08\/03-200x300.jpg 200w, https:\/\/www.davidprego.ch\/festi\/wp-content\/uploads\/2023\/08\/03-768x1152.jpg 768w, https:\/\/www.davidprego.ch\/festi\/wp-content\/uploads\/2023\/08\/03.jpg 800w\" sizes=\"auto, (max-width: 683px) 100vw, 683px\" \/><\/figure><\/div>\n\n\n<p class=\"has-text-align-center\">Images: \u00a9DylanPerreno<\/p>\n","protected":false},"excerpt":{"rendered":"<p>Vous avez dit Truck \u00e0 Trucs \u00bf? Le Truck \u00e0 Trucs est une maison sur roue qui a l\u2019ambition de partir sur les routes pour offrir des temps de jeu libre, partout et pour tous-x-tes. De place de jeux en pr\u00e9aux d\u2019\u00e9coles, de parcs et&nbsp;&hellip;<\/p>\n","protected":false},"author":1,"featured_media":0,"parent":30472,"menu_order":27,"comment_status":"closed","ping_status":"closed","template":"","meta":{"_acf_changed":false,"pgc_sgb_lightbox_settings":"","footnotes":""},"class_list":["post-29587","page","type-page","status-publish","hentry"],"acf":[],"_links":{"self":[{"href":"https:\/\/www.davidprego.ch\/festi\/wp-json\/wp\/v2\/pages\/29587","targetHints":{"allow":["GET"]}}],"collection":[{"href":"https:\/\/www.davidprego.ch\/festi\/wp-json\/wp\/v2\/pages"}],"about":[{"href":"https:\/\/www.davidprego.ch\/festi\/wp-json\/wp\/v2\/types\/page"}],"author":[{"embeddable":true,"href":"https:\/\/www.davidprego.ch\/festi\/wp-json\/wp\/v2\/users\/1"}],"replies":[{"embeddable":true,"href":"https:\/\/www.davidprego.ch\/festi\/wp-json\/wp\/v2\/comments?post=29587"}],"version-history":[{"count":6,"href":"https:\/\/www.davidprego.ch\/festi\/wp-json\/wp\/v2\/pages\/29587\/revisions"}],"predecessor-version":[{"id":30683,"href":"https:\/\/www.davidprego.ch\/festi\/wp-json\/wp\/v2\/pages\/29587\/revisions\/30683"}],"up":[{"embeddable":true,"href":"https:\/\/www.davidprego.ch\/festi\/wp-json\/wp\/v2\/pages\/30472"}],"wp:attachment":[{"href":"https:\/\/www.davidprego.ch\/festi\/wp-json\/wp\/v2\/media?parent=29587"}],"curies":[{"name":"wp","href":"https:\/\/api.w.org\/{rel}","templated":true}]}}